{"id":3078,"date":"2025-10-27T18:21:14","date_gmt":"2025-10-27T18:21:14","guid":{"rendered":"https:\/\/consultingrdlt.com\/?page_id=3078"},"modified":"2025-10-27T19:50:27","modified_gmt":"2025-10-27T19:50:27","slug":"fiscal-legal","status":"publish","type":"page","link":"https:\/\/consultingrdlt.com\/fr\/fiscal-legal\/","title":{"rendered":"Fiscal &#038; Legal"},"content":{"rendered":"<div data-elementor-type=\"wp-page\" data-elementor-id=\"3078\" class=\"elementor elementor-3078\" data-elementor-post-type=\"page\">\n\t\t\t\t<div class=\"elementor-element elementor-element-4060d6b e-con-full e-flex e-con e-parent\" data-id=\"4060d6b\" data-element_type=\"container\" data-settings=\"{&quot;background_background&quot;:&quot;classic&quot;}\">\n\t\t\t\t<div class=\"elementor-element elementor-element-6044d45 elementor-widget elementor-widget-spacer\" data-id=\"6044d45\" data-element_type=\"widget\" data-widget_type=\"spacer.default\">\n\t\t\t\t\t\t\t<div class=\"elementor-spacer\">\n\t\t\t<div class=\"elementor-spacer-inner\"><\/div>\n\t\t<\/div>\n\t\t\t\t\t\t<\/div>\n\t\t\t\t<\/div>\n\t\t<div class=\"elementor-element elementor-element-b5d16c3 e-grid e-con-boxed e-con e-parent\" data-id=\"b5d16c3\" data-element_type=\"container\" data-settings=\"{&quot;background_background&quot;:&quot;classic&quot;}\">\n\t\t\t\t\t<div class=\"e-con-inner\">\n\t\t<div class=\"elementor-element elementor-element-1340547 e-flex e-con-boxed e-con e-child\" data-id=\"1340547\" data-element_type=\"container\">\n\t\t\t\t\t<div class=\"e-con-inner\">\n\t\t\t\t<div class=\"elementor-element elementor-element-76c41e3 elementor-widget elementor-widget-heading\" data-id=\"76c41e3\" data-element_type=\"widget\" data-widget_type=\"heading.default\">\n\t\t\t\t\t<h2 class=\"elementor-heading-title elementor-size-default\">FISCAL<\/h2>\t\t\t\t<\/div>\n\t\t\t\t<div class=\"elementor-element elementor-element-5d3e010 elementor-icon-list--layout-traditional elementor-list-item-link-full_width elementor-widget elementor-widget-icon-list\" data-id=\"5d3e010\" data-element_type=\"widget\" data-widget_type=\"icon-list.default\">\n\t\t\t\t\t\t\t<ul class=\"elementor-icon-list-items\">\n\t\t\t\t\t\t\t<li class=\"elementor-icon-list-item\">\n\t\t\t\t\t\t\t\t\t\t\t<span class=\"elementor-icon-list-icon\">\n\t\t\t\t\t\t\t<svg aria-hidden=\"true\" class=\"e-font-icon-svg e-fas-check-circle\" viewbox=\"0 0 512 512\" xmlns=\"http:\/\/www.w3.org\/2000\/svg\"><path d=\"M504 256c0 136.967-111.033 248-248 248S8 392.967 8 256 119.033 8 256 8s248 111.033 248 248zM227.314 387.314l184-184c6.248-6.248 6.248-16.379 0-22.627l-22.627-22.627c-6.248-6.249-16.379-6.249-22.628 0L216 308.118l-70.059-70.059c-6.248-6.248-16.379-6.248-22.628 0l-22.627 22.627c-6.248 6.248-6.248 16.379 0 22.627l104 104c6.249 6.249 16.379 6.249 22.628.001z\"><\/path><\/svg>\t\t\t\t\t\t<\/span>\n\t\t\t\t\t\t\t\t\t\t<span class=\"elementor-icon-list-text\">Declaraciones mensuales &amp; anuales ante la Direcci\u00f3n General de Impuestos Internos (DGII)<\/span>\n\t\t\t\t\t\t\t\t\t<\/li>\n\t\t\t\t\t\t\t\t<li class=\"elementor-icon-list-item\">\n\t\t\t\t\t\t\t\t\t\t\t<span class=\"elementor-icon-list-icon\">\n\t\t\t\t\t\t\t<svg aria-hidden=\"true\" class=\"e-font-icon-svg e-fas-check-circle\" viewbox=\"0 0 512 512\" xmlns=\"http:\/\/www.w3.org\/2000\/svg\"><path d=\"M504 256c0 136.967-111.033 248-248 248S8 392.967 8 256 119.033 8 256 8s248 111.033 248 248zM227.314 387.314l184-184c6.248-6.248 6.248-16.379 0-22.627l-22.627-22.627c-6.248-6.249-16.379-6.249-22.628 0L216 308.118l-70.059-70.059c-6.248-6.248-16.379-6.248-22.628 0l-22.627 22.627c-6.248 6.248-6.248 16.379 0 22.627l104 104c6.249 6.249 16.379 6.249 22.628.001z\"><\/path><\/svg>\t\t\t\t\t\t<\/span>\n\t\t\t\t\t\t\t\t\t\t<span class=\"elementor-icon-list-text\">Declaraciones laborales Tesorer\u00eda de la seguridad social (TSS), Infotep y Ministerio de trabajo<\/span>\n\t\t\t\t\t\t\t\t\t<\/li>\n\t\t\t\t\t\t\t\t<li class=\"elementor-icon-list-item\">\n\t\t\t\t\t\t\t\t\t\t\t<span class=\"elementor-icon-list-icon\">\n\t\t\t\t\t\t\t<svg aria-hidden=\"true\" class=\"e-font-icon-svg e-fas-check-circle\" viewbox=\"0 0 512 512\" xmlns=\"http:\/\/www.w3.org\/2000\/svg\"><path d=\"M504 256c0 136.967-111.033 248-248 248S8 392.967 8 256 119.033 8 256 8s248 111.033 248 248zM227.314 387.314l184-184c6.248-6.248 6.248-16.379 0-22.627l-22.627-22.627c-6.248-6.249-16.379-6.249-22.628 0L216 308.118l-70.059-70.059c-6.248-6.248-16.379-6.248-22.628 0l-22.627 22.627c-6.248 6.248-6.248 16.379 0 22.627l104 104c6.249 6.249 16.379 6.249 22.628.001z\"><\/path><\/svg>\t\t\t\t\t\t<\/span>\n\t\t\t\t\t\t\t\t\t\t<span class=\"elementor-icon-list-text\">Manejo administrativo interno personalizado<\/span>\n\t\t\t\t\t\t\t\t\t<\/li>\n\t\t\t\t\t\t\t\t<li class=\"elementor-icon-list-item\">\n\t\t\t\t\t\t\t\t\t\t\t<span class=\"elementor-icon-list-icon\">\n\t\t\t\t\t\t\t<svg aria-hidden=\"true\" class=\"e-font-icon-svg e-fas-check-circle\" viewbox=\"0 0 512 512\" xmlns=\"http:\/\/www.w3.org\/2000\/svg\"><path d=\"M504 256c0 136.967-111.033 248-248 248S8 392.967 8 256 119.033 8 256 8s248 111.033 248 248zM227.314 387.314l184-184c6.248-6.248 6.248-16.379 0-22.627l-22.627-22.627c-6.248-6.249-16.379-6.249-22.628 0L216 308.118l-70.059-70.059c-6.248-6.248-16.379-6.248-22.628 0l-22.627 22.627c-6.248 6.248-6.248 16.379 0 22.627l104 104c6.249 6.249 16.379 6.249 22.628.001z\"><\/path><\/svg>\t\t\t\t\t\t<\/span>\n\t\t\t\t\t\t\t\t\t\t<span class=\"elementor-icon-list-text\">Estrategia &amp; Seguimiento Fiscal<\/span>\n\t\t\t\t\t\t\t\t\t<\/li>\n\t\t\t\t\t\t\t\t<li class=\"elementor-icon-list-item\">\n\t\t\t\t\t\t\t\t\t\t\t<span class=\"elementor-icon-list-icon\">\n\t\t\t\t\t\t\t<svg aria-hidden=\"true\" class=\"e-font-icon-svg e-fas-check-circle\" viewbox=\"0 0 512 512\" xmlns=\"http:\/\/www.w3.org\/2000\/svg\"><path d=\"M504 256c0 136.967-111.033 248-248 248S8 392.967 8 256 119.033 8 256 8s248 111.033 248 248zM227.314 387.314l184-184c6.248-6.248 6.248-16.379 0-22.627l-22.627-22.627c-6.248-6.249-16.379-6.249-22.628 0L216 308.118l-70.059-70.059c-6.248-6.248-16.379-6.248-22.628 0l-22.627 22.627c-6.248 6.248-6.248 16.379 0 22.627l104 104c6.249 6.249 16.379 6.249 22.628.001z\"><\/path><\/svg>\t\t\t\t\t\t<\/span>\n\t\t\t\t\t\t\t\t\t\t<span class=\"elementor-icon-list-text\">Gesti\u00f3n de empresa en general<\/span>\n\t\t\t\t\t\t\t\t\t<\/li>\n\t\t\t\t\t\t<\/ul>\n\t\t\t\t\t\t<\/div>\n\t\t\t\t\t<\/div>\n\t\t\t\t<\/div>\n\t\t<div class=\"elementor-element elementor-element-0b0e793 e-con-full e-flex e-con e-child\" data-id=\"0b0e793\" data-element_type=\"container\">\n\t\t\t\t<div class=\"elementor-element elementor-element-2a2b4d9 elementor-widget elementor-widget-heading\" data-id=\"2a2b4d9\" data-element_type=\"widget\" data-widget_type=\"heading.default\">\n\t\t\t\t\t<h2 class=\"elementor-heading-title elementor-size-default\">LEGAL<\/h2>\t\t\t\t<\/div>\n\t\t\t\t<div class=\"elementor-element elementor-element-a0f6a2c elementor-icon-list--layout-traditional elementor-list-item-link-full_width elementor-widget elementor-widget-icon-list\" data-id=\"a0f6a2c\" data-element_type=\"widget\" data-widget_type=\"icon-list.default\">\n\t\t\t\t\t\t\t<ul class=\"elementor-icon-list-items\">\n\t\t\t\t\t\t\t<li class=\"elementor-icon-list-item\">\n\t\t\t\t\t\t\t\t\t\t\t<span class=\"elementor-icon-list-icon\">\n\t\t\t\t\t\t\t<svg aria-hidden=\"true\" class=\"e-font-icon-svg e-fas-check-circle\" viewbox=\"0 0 512 512\" xmlns=\"http:\/\/www.w3.org\/2000\/svg\"><path d=\"M504 256c0 136.967-111.033 248-248 248S8 392.967 8 256 119.033 8 256 8s248 111.033 248 248zM227.314 387.314l184-184c6.248-6.248 6.248-16.379 0-22.627l-22.627-22.627c-6.248-6.249-16.379-6.249-22.628 0L216 308.118l-70.059-70.059c-6.248-6.248-16.379-6.248-22.628 0l-22.627 22.627c-6.248 6.248-6.248 16.379 0 22.627l104 104c6.249 6.249 16.379 6.249 22.628.001z\"><\/path><\/svg>\t\t\t\t\t\t<\/span>\n\t\t\t\t\t\t\t\t\t\t<span class=\"elementor-icon-list-text\">Representaci\u00f3n &amp; asesor\u00eda en derecho comercial, civil, laboral, migratorio e inmobiliario<\/span>\n\t\t\t\t\t\t\t\t\t<\/li>\n\t\t\t\t\t\t\t\t<li class=\"elementor-icon-list-item\">\n\t\t\t\t\t\t\t\t\t\t\t<span class=\"elementor-icon-list-icon\">\n\t\t\t\t\t\t\t<svg aria-hidden=\"true\" class=\"e-font-icon-svg e-fas-check-circle\" viewbox=\"0 0 512 512\" xmlns=\"http:\/\/www.w3.org\/2000\/svg\"><path d=\"M504 256c0 136.967-111.033 248-248 248S8 392.967 8 256 119.033 8 256 8s248 111.033 248 248zM227.314 387.314l184-184c6.248-6.248 6.248-16.379 0-22.627l-22.627-22.627c-6.248-6.249-16.379-6.249-22.628 0L216 308.118l-70.059-70.059c-6.248-6.248-16.379-6.248-22.628 0l-22.627 22.627c-6.248 6.248-6.248 16.379 0 22.627l104 104c6.249 6.249 16.379 6.249 22.628.001z\"><\/path><\/svg>\t\t\t\t\t\t<\/span>\n\t\t\t\t\t\t\t\t\t\t<span class=\"elementor-icon-list-text\">Creaci\u00f3n de su compa\u00f1\u00eda desde el nombre comercial hasta poder operar<\/span>\n\t\t\t\t\t\t\t\t\t<\/li>\n\t\t\t\t\t\t\t\t<li class=\"elementor-icon-list-item\">\n\t\t\t\t\t\t\t\t\t\t\t<span class=\"elementor-icon-list-icon\">\n\t\t\t\t\t\t\t<svg aria-hidden=\"true\" class=\"e-font-icon-svg e-fas-check-circle\" viewbox=\"0 0 512 512\" xmlns=\"http:\/\/www.w3.org\/2000\/svg\"><path d=\"M504 256c0 136.967-111.033 248-248 248S8 392.967 8 256 119.033 8 256 8s248 111.033 248 248zM227.314 387.314l184-184c6.248-6.248 6.248-16.379 0-22.627l-22.627-22.627c-6.248-6.249-16.379-6.249-22.628 0L216 308.118l-70.059-70.059c-6.248-6.248-16.379-6.248-22.628 0l-22.627 22.627c-6.248 6.248-6.248 16.379 0 22.627l104 104c6.249 6.249 16.379 6.249 22.628.001z\"><\/path><\/svg>\t\t\t\t\t\t<\/span>\n\t\t\t\t\t\t\t\t\t\t<span class=\"elementor-icon-list-text\">Redacci\u00f3n, registro &amp; actualizaci\u00f3n de todos los actos necesarios<\/span>\n\t\t\t\t\t\t\t\t\t<\/li>\n\t\t\t\t\t\t\t\t<li class=\"elementor-icon-list-item\">\n\t\t\t\t\t\t\t\t\t\t\t<span class=\"elementor-icon-list-icon\">\n\t\t\t\t\t\t\t<svg aria-hidden=\"true\" class=\"e-font-icon-svg e-fas-check-circle\" viewbox=\"0 0 512 512\" xmlns=\"http:\/\/www.w3.org\/2000\/svg\"><path d=\"M504 256c0 136.967-111.033 248-248 248S8 392.967 8 256 119.033 8 256 8s248 111.033 248 248zM227.314 387.314l184-184c6.248-6.248 6.248-16.379 0-22.627l-22.627-22.627c-6.248-6.249-16.379-6.249-22.628 0L216 308.118l-70.059-70.059c-6.248-6.248-16.379-6.248-22.628 0l-22.627 22.627c-6.248 6.248-6.248 16.379 0 22.627l104 104c6.249 6.249 16.379 6.249 22.628.001z\"><\/path><\/svg>\t\t\t\t\t\t<\/span>\n\t\t\t\t\t\t\t\t\t\t<span class=\"elementor-icon-list-text\">Soporte legal en el \u00e1mbito empresarial como contratos, descargos entre otros<\/span>\n\t\t\t\t\t\t\t\t\t<\/li>\n\t\t\t\t\t\t\t\t<li class=\"elementor-icon-list-item\">\n\t\t\t\t\t\t\t\t\t\t\t<span class=\"elementor-icon-list-icon\">\n\t\t\t\t\t\t\t<svg aria-hidden=\"true\" class=\"e-font-icon-svg e-fas-check-circle\" viewbox=\"0 0 512 512\" xmlns=\"http:\/\/www.w3.org\/2000\/svg\"><path d=\"M504 256c0 136.967-111.033 248-248 248S8 392.967 8 256 119.033 8 256 8s248 111.033 248 248zM227.314 387.314l184-184c6.248-6.248 6.248-16.379 0-22.627l-22.627-22.627c-6.248-6.249-16.379-6.249-22.628 0L216 308.118l-70.059-70.059c-6.248-6.248-16.379-6.248-22.628 0l-22.627 22.627c-6.248 6.248-6.248 16.379 0 22.627l104 104c6.249 6.249 16.379 6.249 22.628.001z\"><\/path><\/svg>\t\t\t\t\t\t<\/span>\n\t\t\t\t\t\t\t\t\t\t<span class=\"elementor-icon-list-text\">Proceso de ventas, traspasos &amp; transferencias de inmuebles, vehiculos, cuotas sociales<\/span>\n\t\t\t\t\t\t\t\t\t<\/li>\n\t\t\t\t\t\t<\/ul>\n\t\t\t\t\t\t<\/div>\n\t\t\t\t<\/div>\n\t\t\t\t\t<\/div>\n\t\t\t\t<\/div>\n\t\t<div class=\"elementor-element elementor-element-1c8d152 e-con-full e-flex e-con e-parent\" data-id=\"1c8d152\" data-element_type=\"container\" data-settings=\"{&quot;background_background&quot;:&quot;classic&quot;}\">\n\t\t\t\t<div class=\"elementor-element elementor-element-6fe59ee elementor-widget elementor-widget-spacer\" data-id=\"6fe59ee\" data-element_type=\"widget\" data-widget_type=\"spacer.default\">\n\t\t\t\t\t\t\t<div class=\"elementor-spacer\">\n\t\t\t<div class=\"elementor-spacer-inner\"><\/div>\n\t\t<\/div>\n\t\t\t\t\t\t<\/div>\n\t\t\t\t<\/div>\n\t\t<div class=\"elementor-element elementor-element-2904d6f e-flex e-con-boxed e-con e-parent\" data-id=\"2904d6f\" data-element_type=\"container\">\n\t\t\t\t\t<div class=\"e-con-inner\">\n\t\t\t\t<div class=\"elementor-element elementor-element-233ac7a elementor-widget elementor-widget-image\" data-id=\"233ac7a\" data-element_type=\"widget\" data-widget_type=\"image.default\">\n\t\t\t\t\t\t\t\t\t\t\t\t\t\t\t<img fetchpriority=\"high\" decoding=\"async\" width=\"1590\" height=\"897\" src=\"https:\/\/consultingrdlt.com\/wp-content\/uploads\/2025\/10\/equipo.png\" class=\"attachment-full size-full wp-image-3151\" alt=\"\" srcset=\"https:\/\/consultingrdlt.com\/wp-content\/uploads\/2025\/10\/equipo.png 1590w, https:\/\/consultingrdlt.com\/wp-content\/uploads\/2025\/10\/equipo-300x169.png 300w, https:\/\/consultingrdlt.com\/wp-content\/uploads\/2025\/10\/equipo-1024x578.png 1024w, https:\/\/consultingrdlt.com\/wp-content\/uploads\/2025\/10\/equipo-768x433.png 768w, https:\/\/consultingrdlt.com\/wp-content\/uploads\/2025\/10\/equipo-1536x867.png 1536w, https:\/\/consultingrdlt.com\/wp-content\/uploads\/2025\/10\/equipo-600x338.png 600w\" sizes=\"(max-width: 1590px) 100vw, 1590px\" \/>\t\t\t\t\t\t\t\t\t\t\t\t\t\t\t<\/div>\n\t\t\t\t\t<\/div>\n\t\t\t\t<\/div>\n\t\t\t\t<\/div>","protected":false},"excerpt":{"rendered":"<p>FISCAL Declaraciones mensuales &amp; anuales ante la Direcci\u00f3n General de Impuestos Internos (DGII) Declaraciones laborales Tesorer\u00eda de la seguridad social (TSS), Infotep y Ministerio de trabajo Manejo administrativo interno personalizado Estrategia &amp; Seguimiento Fiscal Gesti\u00f3n de empresa en general LEGAL Representaci\u00f3n &amp; asesor\u00eda en derecho comercial, civil, laboral, migratorio e inmobiliario Creaci\u00f3n de su compa\u00f1\u00eda [&hellip;]<\/p>","protected":false},"author":1,"featured_media":1751,"parent":0,"menu_order":0,"comment_status":"closed","ping_status":"closed","template":"elementor_header_footer","meta":{"inline_featured_image":false,"footnotes":""},"class_list":["post-3078","page","type-page","status-publish","has-post-thumbnail","hentry"],"yoast_head":"<!-- This site is optimized with the Yoast SEO plugin v26.4 - https:\/\/yoast.com\/wordpress\/plugins\/seo\/ -->\n<title>Fiscal &amp; Legal - consultingrdlt.com<\/title>\n<meta name=\"robots\" content=\"index, follow, max-snippet:-1, max-image-preview:large, max-video-preview:-1\" \/>\n<link rel=\"canonical\" href=\"https:\/\/consultingrdlt.com\/fr\/fiscal-legal\/\" \/>\n<meta property=\"og:locale\" content=\"fr_FR\" \/>\n<meta property=\"og:type\" content=\"article\" \/>\n<meta property=\"og:title\" content=\"Fiscal &amp; Legal - consultingrdlt.com\" \/>\n<meta property=\"og:description\" content=\"FISCAL Declaraciones mensuales &amp; anuales ante la Direcci\u00f3n General de Impuestos Internos (DGII) Declaraciones laborales Tesorer\u00eda de la seguridad social (TSS), Infotep y Ministerio de trabajo Manejo administrativo interno personalizado Estrategia &amp; Seguimiento Fiscal Gesti\u00f3n de empresa en general LEGAL Representaci\u00f3n &amp; asesor\u00eda en derecho comercial, civil, laboral, migratorio e inmobiliario Creaci\u00f3n de su compa\u00f1\u00eda [&hellip;]\" \/>\n<meta property=\"og:url\" content=\"https:\/\/consultingrdlt.com\/fr\/fiscal-legal\/\" \/>\n<meta property=\"og:site_name\" content=\"consultingrdlt.com\" \/>\n<meta property=\"article:modified_time\" content=\"2025-10-27T19:50:27+00:00\" \/>\n<meta property=\"og:image\" content=\"https:\/\/consultingrdlt.com\/wp-content\/uploads\/2024\/04\/about-01-bg.jpg\" \/>\n\t<meta property=\"og:image:width\" content=\"1920\" \/>\n\t<meta property=\"og:image:height\" content=\"628\" \/>\n\t<meta property=\"og:image:type\" content=\"image\/jpeg\" \/>\n<meta name=\"twitter:card\" content=\"summary_large_image\" \/>\n<meta name=\"twitter:label1\" content=\"Dur\u00e9e de lecture estim\u00e9e\" \/>\n\t<meta name=\"twitter:data1\" content=\"1 minute\" \/>\n<script type=\"application\/ld+json\" class=\"yoast-schema-graph\">{\"@context\":\"https:\/\/schema.org\",\"@graph\":[{\"@type\":\"WebPage\",\"@id\":\"https:\/\/consultingrdlt.com\/fiscal-legal\/\",\"url\":\"https:\/\/consultingrdlt.com\/fiscal-legal\/\",\"name\":\"Fiscal & Legal - consultingrdlt.com\",\"isPartOf\":{\"@id\":\"https:\/\/consultingrdlt.com\/#website\"},\"primaryImageOfPage\":{\"@id\":\"https:\/\/consultingrdlt.com\/fiscal-legal\/#primaryimage\"},\"image\":{\"@id\":\"https:\/\/consultingrdlt.com\/fiscal-legal\/#primaryimage\"},\"thumbnailUrl\":\"https:\/\/consultingrdlt.com\/wp-content\/uploads\/2024\/04\/about-01-bg.jpg\",\"datePublished\":\"2025-10-27T18:21:14+00:00\",\"dateModified\":\"2025-10-27T19:50:27+00:00\",\"breadcrumb\":{\"@id\":\"https:\/\/consultingrdlt.com\/fiscal-legal\/#breadcrumb\"},\"inLanguage\":\"fr-FR\",\"potentialAction\":[{\"@type\":\"ReadAction\",\"target\":[\"https:\/\/consultingrdlt.com\/fiscal-legal\/\"]}]},{\"@type\":\"ImageObject\",\"inLanguage\":\"fr-FR\",\"@id\":\"https:\/\/consultingrdlt.com\/fiscal-legal\/#primaryimage\",\"url\":\"https:\/\/consultingrdlt.com\/wp-content\/uploads\/2024\/04\/about-01-bg.jpg\",\"contentUrl\":\"https:\/\/consultingrdlt.com\/wp-content\/uploads\/2024\/04\/about-01-bg.jpg\",\"width\":1920,\"height\":628},{\"@type\":\"BreadcrumbList\",\"@id\":\"https:\/\/consultingrdlt.com\/fiscal-legal\/#breadcrumb\",\"itemListElement\":[{\"@type\":\"ListItem\",\"position\":1,\"name\":\"Accueil\",\"item\":\"https:\/\/consultingrdlt.com\/\"},{\"@type\":\"ListItem\",\"position\":2,\"name\":\"Fiscal &#038; Legal\"}]},{\"@type\":\"WebSite\",\"@id\":\"https:\/\/consultingrdlt.com\/#website\",\"url\":\"https:\/\/consultingrdlt.com\/\",\"name\":\"consultingrdlt.com\",\"description\":\"Estrategia y soluci\u00f3n legal - fiscal\",\"publisher\":{\"@id\":\"https:\/\/consultingrdlt.com\/#organization\"},\"potentialAction\":[{\"@type\":\"SearchAction\",\"target\":{\"@type\":\"EntryPoint\",\"urlTemplate\":\"https:\/\/consultingrdlt.com\/?s={search_term_string}\"},\"query-input\":{\"@type\":\"PropertyValueSpecification\",\"valueRequired\":true,\"valueName\":\"search_term_string\"}}],\"inLanguage\":\"fr-FR\"},{\"@type\":\"Organization\",\"@id\":\"https:\/\/consultingrdlt.com\/#organization\",\"name\":\"consultingrdlt.com\",\"url\":\"https:\/\/consultingrdlt.com\/\",\"logo\":{\"@type\":\"ImageObject\",\"inLanguage\":\"fr-FR\",\"@id\":\"https:\/\/consultingrdlt.com\/#\/schema\/logo\/image\/\",\"url\":\"https:\/\/consultingrdlt.com\/wp-content\/uploads\/2025\/10\/logo-consulting-blanco-horizontal.svg\",\"contentUrl\":\"https:\/\/consultingrdlt.com\/wp-content\/uploads\/2025\/10\/logo-consulting-blanco-horizontal.svg\",\"width\":1080,\"height\":247,\"caption\":\"consultingrdlt.com\"},\"image\":{\"@id\":\"https:\/\/consultingrdlt.com\/#\/schema\/logo\/image\/\"}}]}<\/script>\n<!-- \/ Yoast SEO plugin. -->","yoast_head_json":{"title":"Fiscal & Legal - consultingrdlt.com","robots":{"index":"index","follow":"follow","max-snippet":"max-snippet:-1","max-image-preview":"max-image-preview:large","max-video-preview":"max-video-preview:-1"},"canonical":"https:\/\/consultingrdlt.com\/fr\/fiscal-legal\/","og_locale":"fr_FR","og_type":"article","og_title":"Fiscal & Legal - consultingrdlt.com","og_description":"FISCAL Declaraciones mensuales &amp; anuales ante la Direcci\u00f3n General de Impuestos Internos (DGII) Declaraciones laborales Tesorer\u00eda de la seguridad social (TSS), Infotep y Ministerio de trabajo Manejo administrativo interno personalizado Estrategia &amp; Seguimiento Fiscal Gesti\u00f3n de empresa en general LEGAL Representaci\u00f3n &amp; asesor\u00eda en derecho comercial, civil, laboral, migratorio e inmobiliario Creaci\u00f3n de su compa\u00f1\u00eda [&hellip;]","og_url":"https:\/\/consultingrdlt.com\/fr\/fiscal-legal\/","og_site_name":"consultingrdlt.com","article_modified_time":"2025-10-27T19:50:27+00:00","og_image":[{"width":1920,"height":628,"url":"https:\/\/consultingrdlt.com\/wp-content\/uploads\/2024\/04\/about-01-bg.jpg","type":"image\/jpeg"}],"twitter_card":"summary_large_image","twitter_misc":{"Dur\u00e9e de lecture estim\u00e9e":"1 minute"},"schema":{"@context":"https:\/\/schema.org","@graph":[{"@type":"WebPage","@id":"https:\/\/consultingrdlt.com\/fiscal-legal\/","url":"https:\/\/consultingrdlt.com\/fiscal-legal\/","name":"Fiscal & Legal - consultingrdlt.com","isPartOf":{"@id":"https:\/\/consultingrdlt.com\/#website"},"primaryImageOfPage":{"@id":"https:\/\/consultingrdlt.com\/fiscal-legal\/#primaryimage"},"image":{"@id":"https:\/\/consultingrdlt.com\/fiscal-legal\/#primaryimage"},"thumbnailUrl":"https:\/\/consultingrdlt.com\/wp-content\/uploads\/2024\/04\/about-01-bg.jpg","datePublished":"2025-10-27T18:21:14+00:00","dateModified":"2025-10-27T19:50:27+00:00","breadcrumb":{"@id":"https:\/\/consultingrdlt.com\/fiscal-legal\/#breadcrumb"},"inLanguage":"fr-FR","potentialAction":[{"@type":"ReadAction","target":["https:\/\/consultingrdlt.com\/fiscal-legal\/"]}]},{"@type":"ImageObject","inLanguage":"fr-FR","@id":"https:\/\/consultingrdlt.com\/fiscal-legal\/#primaryimage","url":"https:\/\/consultingrdlt.com\/wp-content\/uploads\/2024\/04\/about-01-bg.jpg","contentUrl":"https:\/\/consultingrdlt.com\/wp-content\/uploads\/2024\/04\/about-01-bg.jpg","width":1920,"height":628},{"@type":"BreadcrumbList","@id":"https:\/\/consultingrdlt.com\/fiscal-legal\/#breadcrumb","itemListElement":[{"@type":"ListItem","position":1,"name":"Accueil","item":"https:\/\/consultingrdlt.com\/"},{"@type":"ListItem","position":2,"name":"Fiscal &#038; Legal"}]},{"@type":"WebSite","@id":"https:\/\/consultingrdlt.com\/#website","url":"https:\/\/consultingrdlt.com\/","name":"consultingrdlt.com","description":"Estrategia y soluci\u00f3n legal - fiscal","publisher":{"@id":"https:\/\/consultingrdlt.com\/#organization"},"potentialAction":[{"@type":"SearchAction","target":{"@type":"EntryPoint","urlTemplate":"https:\/\/consultingrdlt.com\/?s={search_term_string}"},"query-input":{"@type":"PropertyValueSpecification","valueRequired":true,"valueName":"search_term_string"}}],"inLanguage":"fr-FR"},{"@type":"Organization","@id":"https:\/\/consultingrdlt.com\/#organization","name":"consultingrdlt.com","url":"https:\/\/consultingrdlt.com\/","logo":{"@type":"ImageObject","inLanguage":"fr-FR","@id":"https:\/\/consultingrdlt.com\/#\/schema\/logo\/image\/","url":"https:\/\/consultingrdlt.com\/wp-content\/uploads\/2025\/10\/logo-consulting-blanco-horizontal.svg","contentUrl":"https:\/\/consultingrdlt.com\/wp-content\/uploads\/2025\/10\/logo-consulting-blanco-horizontal.svg","width":1080,"height":247,"caption":"consultingrdlt.com"},"image":{"@id":"https:\/\/consultingrdlt.com\/#\/schema\/logo\/image\/"}}]}},"_hostinger_reach_plugin_has_subscription_block":false,"_hostinger_reach_plugin_is_elementor":false,"_links":{"self":[{"href":"https:\/\/consultingrdlt.com\/fr\/wp-json\/wp\/v2\/pages\/3078","targetHints":{"allow":["GET"]}}],"collection":[{"href":"https:\/\/consultingrdlt.com\/fr\/wp-json\/wp\/v2\/pages"}],"about":[{"href":"https:\/\/consultingrdlt.com\/fr\/wp-json\/wp\/v2\/types\/page"}],"author":[{"embeddable":true,"href":"https:\/\/consultingrdlt.com\/fr\/wp-json\/wp\/v2\/users\/1"}],"replies":[{"embeddable":true,"href":"https:\/\/consultingrdlt.com\/fr\/wp-json\/wp\/v2\/comments?post=3078"}],"version-history":[{"count":19,"href":"https:\/\/consultingrdlt.com\/fr\/wp-json\/wp\/v2\/pages\/3078\/revisions"}],"predecessor-version":[{"id":3182,"href":"https:\/\/consultingrdlt.com\/fr\/wp-json\/wp\/v2\/pages\/3078\/revisions\/3182"}],"wp:featuredmedia":[{"embeddable":true,"href":"https:\/\/consultingrdlt.com\/fr\/wp-json\/wp\/v2\/media\/1751"}],"wp:attachment":[{"href":"https:\/\/consultingrdlt.com\/fr\/wp-json\/wp\/v2\/media?parent=3078"}],"curies":[{"name":"wp","href":"https:\/\/api.w.org\/{rel}","templated":true}]}}