{"id":1927,"date":"2024-04-23T10:52:16","date_gmt":"2024-04-23T10:52:16","guid":{"rendered":"https:\/\/designingmedia.com\/lawfinity\/?page_id=1927"},"modified":"2025-11-04T20:08:38","modified_gmt":"2025-11-04T20:08:38","slug":"contacto","status":"publish","type":"page","link":"https:\/\/consultingrdlt.com\/fr\/contacto\/","title":{"rendered":"Contact"},"content":{"rendered":"<div data-elementor-type=\"wp-page\" data-elementor-id=\"1927\" class=\"elementor elementor-1927\" data-elementor-post-type=\"page\">\n\t\t\t\t<div class=\"elementor-element elementor-element-67ca3505 e-flex e-con-boxed e-con e-parent\" data-id=\"67ca3505\" data-element_type=\"container\" data-settings=\"{&quot;background_background&quot;:&quot;classic&quot;}\">\n\t\t\t\t\t<div class=\"e-con-inner\">\n\t\t<div class=\"elementor-element elementor-element-23421a91 e-flex e-con-boxed e-con e-child\" data-id=\"23421a91\" data-element_type=\"container\">\n\t\t\t\t\t<div class=\"e-con-inner\">\n\t\t<div class=\"elementor-element elementor-element-47eb1fe3 e-flex e-con-boxed e-con e-child\" data-id=\"47eb1fe3\" data-element_type=\"container\">\n\t\t\t\t\t<div class=\"e-con-inner\">\n\t\t<div class=\"elementor-element elementor-element-4b551258 e-flex e-con-boxed e-con e-child\" data-id=\"4b551258\" data-element_type=\"container\">\n\t\t\t\t\t<div class=\"e-con-inner\">\n\t\t\t\t<div class=\"elementor-element elementor-element-37f16c50 elementor-widget elementor-widget-image\" data-id=\"37f16c50\" data-element_type=\"widget\" data-widget_type=\"image.default\">\n\t\t\t\t\t\t\t\t\t\t\t\t\t\t\t<img decoding=\"async\" width=\"23\" height=\"2\" src=\"https:\/\/consultingrdlt.com\/wp-content\/uploads\/2024\/04\/line-img.jpg\" class=\"attachment-full size-full wp-image-31\" alt=\"\" \/>\t\t\t\t\t\t\t\t\t\t\t\t\t\t\t<\/div>\n\t\t\t\t<div class=\"elementor-element elementor-element-5a9e50f9 elementor-widget elementor-widget-heading\" data-id=\"5a9e50f9\" data-element_type=\"widget\" data-widget_type=\"heading.default\">\n\t\t\t\t\t<div class=\"elementor-heading-title elementor-size-default\">INFORMATIONS DE CONTACT<\/div>\t\t\t\t<\/div>\n\t\t\t\t\t<\/div>\n\t\t\t\t<\/div>\n\t\t\t\t<div class=\"elementor-element elementor-element-3f4f7d70 elementor-widget elementor-widget-heading\" data-id=\"3f4f7d70\" data-element_type=\"widget\" data-widget_type=\"heading.default\">\n\t\t\t\t\t<h2 class=\"elementor-heading-title elementor-size-default\">CONTACTEZ-NOUS<\/h2>\t\t\t\t<\/div>\n\t\t\t\t\t<\/div>\n\t\t\t\t<\/div>\n\t\t<div class=\"elementor-element elementor-element-2c4c86c0 e-con-full e-flex elementor-invisible e-con e-child\" data-id=\"2c4c86c0\" data-element_type=\"container\" data-settings=\"{&quot;animation&quot;:&quot;fadeInUp&quot;}\">\n\t\t<div class=\"elementor-element elementor-element-7c4543ed e-con-full e-flex e-con e-child\" data-id=\"7c4543ed\" data-element_type=\"container\" data-settings=\"{&quot;background_background&quot;:&quot;classic&quot;}\">\n\t\t\t\t<div class=\"elementor-element elementor-element-6c7a27bd elementor-widget elementor-widget-image\" data-id=\"6c7a27bd\" data-element_type=\"widget\" data-widget_type=\"image.default\">\n\t\t\t\t\t\t\t\t\t\t\t\t\t\t\t<img decoding=\"async\" width=\"58\" height=\"58\" src=\"https:\/\/consultingrdlt.com\/wp-content\/uploads\/2024\/04\/location.png\" class=\"elementor-animation-float attachment-full size-full wp-image-1935\" alt=\"\" \/>\t\t\t\t\t\t\t\t\t\t\t\t\t\t\t<\/div>\n\t\t\t\t<div class=\"elementor-element elementor-element-1cae0d96 elementor-widget elementor-widget-heading\" data-id=\"1cae0d96\" data-element_type=\"widget\" data-widget_type=\"heading.default\">\n\t\t\t\t\t<h6 class=\"elementor-heading-title elementor-size-default\">Emplacement:<\/h6>\t\t\t\t<\/div>\n\t\t\t\t<div class=\"elementor-element elementor-element-704726db elementor-widget elementor-widget-text-editor\" data-id=\"704726db\" data-element_type=\"widget\" data-widget_type=\"text-editor.default\">\n\t\t\t\t\t\t\t\t\t<p>Avenida 27 de febrero #25, 32200 LAS TERRENAS, Province de Saman\u00e1, R\u00e9publique dominicaine<\/p>\t\t\t\t\t\t\t\t<\/div>\n\t\t\t\t<\/div>\n\t\t<div class=\"elementor-element elementor-element-1fe44b81 e-con-full e-flex e-con e-child\" data-id=\"1fe44b81\" data-element_type=\"container\" data-settings=\"{&quot;background_background&quot;:&quot;classic&quot;}\">\n\t\t\t\t<div class=\"elementor-element elementor-element-430d7d14 elementor-widget elementor-widget-image\" data-id=\"430d7d14\" data-element_type=\"widget\" data-widget_type=\"image.default\">\n\t\t\t\t\t\t\t\t\t\t\t\t\t\t\t<img decoding=\"async\" width=\"55\" height=\"55\" src=\"https:\/\/consultingrdlt.com\/wp-content\/uploads\/2024\/04\/phone.png\" class=\"elementor-animation-float attachment-full size-full wp-image-1936\" alt=\"\" \/>\t\t\t\t\t\t\t\t\t\t\t\t\t\t\t<\/div>\n\t\t\t\t<div class=\"elementor-element elementor-element-12e37086 elementor-widget elementor-widget-heading\" data-id=\"12e37086\" data-element_type=\"widget\" data-widget_type=\"heading.default\">\n\t\t\t\t\t<h6 class=\"elementor-heading-title elementor-size-default\">T\u00e9l\u00e9phone:<\/h6>\t\t\t\t<\/div>\n\t\t\t\t<div class=\"elementor-element elementor-element-3422c57a elementor-widget elementor-widget-text-editor\" data-id=\"3422c57a\" data-element_type=\"widget\" data-widget_type=\"text-editor.default\">\n\t\t\t\t\t\t\t\t\t<p>+1829 918 8989<br \/>+1809 427 3244<\/p><p>\u00a0<\/p>\t\t\t\t\t\t\t\t<\/div>\n\t\t\t\t<\/div>\n\t\t<div class=\"elementor-element elementor-element-7795edf0 e-con-full e-flex e-con e-child\" data-id=\"7795edf0\" data-element_type=\"container\" data-settings=\"{&quot;background_background&quot;:&quot;classic&quot;}\">\n\t\t\t\t<div class=\"elementor-element elementor-element-43447544 elementor-widget elementor-widget-image\" data-id=\"43447544\" data-element_type=\"widget\" data-widget_type=\"image.default\">\n\t\t\t\t\t\t\t\t\t\t\t\t\t\t\t<img loading=\"lazy\" decoding=\"async\" width=\"55\" height=\"55\" src=\"https:\/\/consultingrdlt.com\/wp-content\/uploads\/2024\/04\/Email.png\" class=\"elementor-animation-float attachment-full size-full wp-image-1937\" alt=\"\" \/>\t\t\t\t\t\t\t\t\t\t\t\t\t\t\t<\/div>\n\t\t\t\t<div class=\"elementor-element elementor-element-7bd13494 elementor-widget elementor-widget-heading\" data-id=\"7bd13494\" data-element_type=\"widget\" data-widget_type=\"heading.default\">\n\t\t\t\t\t<h6 class=\"elementor-heading-title elementor-size-default\">T\u00e9l\u00e9phone:<\/h6>\t\t\t\t<\/div>\n\t\t\t\t<div class=\"elementor-element elementor-element-15d5b3b3 elementor-widget elementor-widget-text-editor\" data-id=\"15d5b3b3\" data-element_type=\"widget\" data-widget_type=\"text-editor.default\">\n\t\t\t\t\t\t\t\t\t<p>info@consultingrdlt.com<\/p><p>\u00a0<\/p>\t\t\t\t\t\t\t\t<\/div>\n\t\t\t\t<\/div>\n\t\t\t\t<\/div>\n\t\t\t\t\t<\/div>\n\t\t\t\t<\/div>\n\t\t\t\t\t<\/div>\n\t\t\t\t<\/div>\n\t\t<div class=\"elementor-element elementor-element-5850609 e-con-full e-flex e-con e-parent\" data-id=\"5850609\" data-element_type=\"container\" data-settings=\"{&quot;background_background&quot;:&quot;classic&quot;}\">\n\t\t<div class=\"elementor-element elementor-element-424ca85 e-con-full e-flex e-con e-child\" data-id=\"424ca85\" data-element_type=\"container\" data-settings=\"{&quot;background_background&quot;:&quot;classic&quot;}\">\n\t\t\t\t<div class=\"elementor-element elementor-element-2f85e66 elementor-widget-divider--view-line elementor-widget elementor-widget-divider\" data-id=\"2f85e66\" data-element_type=\"widget\" data-widget_type=\"divider.default\">\n\t\t\t\t\t\t\t<div class=\"elementor-divider\">\n\t\t\t<span class=\"elementor-divider-separator\">\n\t\t\t\t\t\t<\/span>\n\t\t<\/div>\n\t\t\t\t\t\t<\/div>\n\t\t\t\t<\/div>\n\t\t<div class=\"elementor-element elementor-element-37fb86b e-con-full e-flex e-con e-child\" data-id=\"37fb86b\" data-element_type=\"container\">\n\t\t<div class=\"elementor-element elementor-element-5a5efa8 e-con-full e-flex elementor-invisible e-con e-child\" data-id=\"5a5efa8\" data-element_type=\"container\" data-settings=\"{&quot;animation&quot;:&quot;fadeIn&quot;}\">\n\t\t<div class=\"elementor-element elementor-element-39c380a e-flex e-con-boxed e-con e-child\" data-id=\"39c380a\" data-element_type=\"container\">\n\t\t\t\t\t<div class=\"e-con-inner\">\n\t\t\t\t<div class=\"elementor-element elementor-element-0e8a5cd elementor-widget elementor-widget-image\" data-id=\"0e8a5cd\" data-element_type=\"widget\" data-widget_type=\"image.default\">\n\t\t\t\t\t\t\t\t\t\t\t\t\t\t\t<img loading=\"lazy\" decoding=\"async\" width=\"23\" height=\"2\" src=\"https:\/\/consultingrdlt.com\/wp-content\/uploads\/2024\/04\/Get-in-touch-line-img.png\" class=\"attachment-full size-full wp-image-46\" alt=\"\" \/>\t\t\t\t\t\t\t\t\t\t\t\t\t\t\t<\/div>\n\t\t\t\t<div class=\"elementor-element elementor-element-1134a44 elementor-widget elementor-widget-heading\" data-id=\"1134a44\" data-element_type=\"widget\" data-widget_type=\"heading.default\">\n\t\t\t\t\t<div class=\"elementor-heading-title elementor-size-default\">CONTACTEZ-NOUS<\/div>\t\t\t\t<\/div>\n\t\t\t\t\t<\/div>\n\t\t\t\t<\/div>\n\t\t\t\t<div class=\"elementor-element elementor-element-165b441 elementor-widget elementor-widget-heading\" data-id=\"165b441\" data-element_type=\"widget\" data-widget_type=\"heading.default\">\n\t\t\t\t\t<h2 class=\"elementor-heading-title elementor-size-default\">R\u00e9servez une consultation<\/h2>\t\t\t\t<\/div>\n\t\t\t\t<div class=\"elementor-element elementor-element-799060f elementor-widget elementor-widget-shortcode\" data-id=\"799060f\" data-element_type=\"widget\" data-widget_type=\"shortcode.default\">\n\t\t\t\t\t\t\t<div class=\"elementor-shortcode\">\n<div class=\"wpcf7 no-js\" id=\"wpcf7-f2626-o1\" lang=\"en-US\" dir=\"ltr\" data-wpcf7-id=\"2626\">\n<div class=\"screen-reader-response\"><p role=\"status\" aria-live=\"polite\" aria-atomic=\"true\"><\/p> <ul><\/ul><\/div>\n<form action=\"\/fr\/wp-json\/wp\/v2\/pages\/1927#wpcf7-f2626-o1\" method=\"post\" class=\"wpcf7-form init\" aria-label=\"Contact form\" novalidate=\"novalidate\" data-status=\"init\" data-trp-original-action=\"\/fr\/wp-json\/wp\/v2\/pages\/1927#wpcf7-f2626-o1\">\n<fieldset class=\"hidden-fields-container\"><input type=\"hidden\" name=\"_wpcf7\" value=\"2626\" \/><input type=\"hidden\" name=\"_wpcf7_version\" value=\"6.1.2\" \/><input type=\"hidden\" name=\"_wpcf7_locale\" value=\"en_US\" \/><input type=\"hidden\" name=\"_wpcf7_unit_tag\" value=\"wpcf7-f2626-o1\" \/><input type=\"hidden\" name=\"_wpcf7_container_post\" value=\"0\" \/><input type=\"hidden\" name=\"_wpcf7_posted_data_hash\" value=\"\" \/>\n<\/fieldset>\n<section class=\"consultation-con position-relative\">\n  <div class=\"consultation_content\" data-aos=\"fade-up\">\n    <div class=\"form-group input1 float-left\">\n      <span class=\"wpcf7-form-control-wrap\" data-name=\"fname\"><input size=\"40\" maxlength=\"400\" class=\"wpcf7-form-control wpcf7-text wpcf7-validates-as-required form_style\" aria-required=\"true\" aria-invalid=\"false\" placeholder=\"Nom\" value=\"\" type=\"text\" name=\"fname\" \/><\/span>\n    <\/div>\n    <div class=\"form-group float-left\">\n      <span class=\"wpcf7-form-control-wrap\" data-name=\"phone\"><input size=\"40\" maxlength=\"400\" class=\"wpcf7-form-control wpcf7-text form_style\" aria-invalid=\"false\" placeholder=\"T\u00e9l\u00e9phone\" value=\"\" type=\"text\" name=\"phone\" \/><\/span>\n    <\/div>\n    <div class=\"form-group input1 float-left\">\n      <span class=\"wpcf7-form-control-wrap\" data-name=\"email\"><input size=\"40\" maxlength=\"400\" class=\"wpcf7-form-control wpcf7-email wpcf7-validates-as-required wpcf7-text wpcf7-validates-as-email form_style\" aria-required=\"true\" aria-invalid=\"false\" placeholder=\"Email\" value=\"\" type=\"email\" name=\"email\" \/><\/span>\n    <\/div>\n    <div class=\"form-group float-left\">\n      <span class=\"wpcf7-form-control-wrap\" data-name=\"area\"><select class=\"wpcf7-form-control wpcf7-select form-control\" aria-invalid=\"false\" name=\"area\"><option value=\"Fiscal\">Procureur<\/option><option value=\"Legal\">L\u00e9gal<\/option><\/select><\/span>\n    <\/div>\n    <div class=\"form-group message\">\n      <span class=\"wpcf7-form-control-wrap\" data-name=\"msg\"><textarea cols=\"40\" rows=\"10\" maxlength=\"2000\" class=\"wpcf7-form-control wpcf7-textarea form_style\" aria-invalid=\"false\" placeholder=\"Message\" name=\"msg\"><\/textarea><\/span>\n    <\/div>\n    <button id=\"submit\" type=\"submit\" class=\"appointment\">\n      Planifier <i class=\"fa-solid fa-arrow-right\"><\/i>\n    <\/button>\n  <\/div>\n<\/section><div class=\"wpcf7-response-output\" aria-hidden=\"true\"><\/div>\n<input type=\"hidden\" name=\"trp-form-language\" value=\"fr\"\/><\/form>\n<\/div>\n<\/div>\n\t\t\t\t\t\t<\/div>\n\t\t\t\t<\/div>\n\t\t\t\t<\/div>\n\t\t\t\t<\/div>\n\t\t<div class=\"elementor-element elementor-element-5fdfc0d8 e-flex e-con-boxed e-con e-parent\" data-id=\"5fdfc0d8\" data-element_type=\"container\">\n\t\t\t\t\t<div class=\"e-con-inner\">\n\t\t\t\t<div class=\"elementor-element elementor-element-16b5bc04 elementor-widget elementor-widget-google_maps\" data-id=\"16b5bc04\" data-element_type=\"widget\" data-widget_type=\"google_maps.default\">\n\t\t\t\t\t\t\t<div class=\"elementor-custom-embed\">\n\t\t\t<iframe loading=\"lazy\"\n\t\t\t\t\tsrc=\"https:\/\/maps.google.com\/maps?q=19.322751%2C%20-69.534742&#038;t=m&#038;z=18&#038;output=embed&#038;iwloc=near\"\n\t\t\t\t\ttitle=\"19.322751, -69.534742\"\n\t\t\t\t\taria-label=\"19.322751, -69.534742\"\n\t\t\t><\/iframe>\n\t\t<\/div>\n\t\t\t\t\t\t<\/div>\n\t\t\t\t\t<\/div>\n\t\t\t\t<\/div>\n\t\t\t\t<\/div>","protected":false},"excerpt":{"rendered":"<p>INFORMACI\u00d3N DE CONTACTO CONT\u00c1CTENOS Ubicaci\u00f3n: Avenida 27 de febrero #25, 32200 LAS TERRENAS, Provincia Saman\u00e1, Republica Dominicana Tel\u00e9fono: +1829 918 8989+1809 427 3244 \u00a0 Email: info@consultingrdlt.com \u00a0 PONTE EN CONTACTO Reserve una consulta<\/p>","protected":false},"author":1,"featured_media":1875,"parent":0,"menu_order":0,"comment_status":"closed","ping_status":"closed","template":"elementor_header_footer","meta":{"inline_featured_image":false,"footnotes":""},"class_list":["post-1927","page","type-page","status-publish","has-post-thumbnail","hentry"],"yoast_head":"<!-- This site is optimized with the Yoast SEO plugin v26.4 - https:\/\/yoast.com\/wordpress\/plugins\/seo\/ -->\n<title>Contacto - consultingrdlt.com<\/title>\n<meta name=\"robots\" content=\"index, follow, max-snippet:-1, max-image-preview:large, max-video-preview:-1\" \/>\n<link rel=\"canonical\" href=\"https:\/\/consultingrdlt.com\/fr\/contacto\/\" \/>\n<meta property=\"og:locale\" content=\"fr_FR\" \/>\n<meta property=\"og:type\" content=\"article\" \/>\n<meta property=\"og:title\" content=\"Contacto - consultingrdlt.com\" \/>\n<meta property=\"og:description\" content=\"INFORMACI\u00d3N DE CONTACTO CONT\u00c1CTENOS Ubicaci\u00f3n: Avenida 27 de febrero #25, 32200 LAS TERRENAS, Provincia Saman\u00e1, Republica Dominicana Tel\u00e9fono: +1829 918 8989+1809 427 3244 \u00a0 Email: info@consultingrdlt.com \u00a0 PONTE EN CONTACTO Reserve una consulta\" \/>\n<meta property=\"og:url\" content=\"https:\/\/consultingrdlt.com\/fr\/contacto\/\" \/>\n<meta property=\"og:site_name\" content=\"consultingrdlt.com\" \/>\n<meta property=\"article:modified_time\" content=\"2025-11-04T20:08:38+00:00\" \/>\n<meta property=\"og:image\" content=\"https:\/\/consultingrdlt.com\/wp-content\/uploads\/2024\/04\/about-01-bg-1.jpg\" \/>\n\t<meta property=\"og:image:width\" content=\"1920\" \/>\n\t<meta property=\"og:image:height\" content=\"628\" \/>\n\t<meta property=\"og:image:type\" content=\"image\/jpeg\" \/>\n<meta name=\"twitter:card\" content=\"summary_large_image\" \/>\n<script type=\"application\/ld+json\" class=\"yoast-schema-graph\">{\"@context\":\"https:\/\/schema.org\",\"@graph\":[{\"@type\":\"WebPage\",\"@id\":\"https:\/\/consultingrdlt.com\/contacto\/\",\"url\":\"https:\/\/consultingrdlt.com\/contacto\/\",\"name\":\"Contacto - consultingrdlt.com\",\"isPartOf\":{\"@id\":\"https:\/\/consultingrdlt.com\/#website\"},\"primaryImageOfPage\":{\"@id\":\"https:\/\/consultingrdlt.com\/contacto\/#primaryimage\"},\"image\":{\"@id\":\"https:\/\/consultingrdlt.com\/contacto\/#primaryimage\"},\"thumbnailUrl\":\"https:\/\/consultingrdlt.com\/wp-content\/uploads\/2024\/04\/about-01-bg-1.jpg\",\"datePublished\":\"2024-04-23T10:52:16+00:00\",\"dateModified\":\"2025-11-04T20:08:38+00:00\",\"breadcrumb\":{\"@id\":\"https:\/\/consultingrdlt.com\/contacto\/#breadcrumb\"},\"inLanguage\":\"fr-FR\",\"potentialAction\":[{\"@type\":\"ReadAction\",\"target\":[\"https:\/\/consultingrdlt.com\/contacto\/\"]}]},{\"@type\":\"ImageObject\",\"inLanguage\":\"fr-FR\",\"@id\":\"https:\/\/consultingrdlt.com\/contacto\/#primaryimage\",\"url\":\"https:\/\/consultingrdlt.com\/wp-content\/uploads\/2024\/04\/about-01-bg-1.jpg\",\"contentUrl\":\"https:\/\/consultingrdlt.com\/wp-content\/uploads\/2024\/04\/about-01-bg-1.jpg\",\"width\":1920,\"height\":628},{\"@type\":\"BreadcrumbList\",\"@id\":\"https:\/\/consultingrdlt.com\/contacto\/#breadcrumb\",\"itemListElement\":[{\"@type\":\"ListItem\",\"position\":1,\"name\":\"Accueil\",\"item\":\"https:\/\/consultingrdlt.com\/\"},{\"@type\":\"ListItem\",\"position\":2,\"name\":\"Contacto\"}]},{\"@type\":\"WebSite\",\"@id\":\"https:\/\/consultingrdlt.com\/#website\",\"url\":\"https:\/\/consultingrdlt.com\/\",\"name\":\"consultingrdlt.com\",\"description\":\"Estrategia y soluci\u00f3n legal - fiscal\",\"publisher\":{\"@id\":\"https:\/\/consultingrdlt.com\/#organization\"},\"potentialAction\":[{\"@type\":\"SearchAction\",\"target\":{\"@type\":\"EntryPoint\",\"urlTemplate\":\"https:\/\/consultingrdlt.com\/?s={search_term_string}\"},\"query-input\":{\"@type\":\"PropertyValueSpecification\",\"valueRequired\":true,\"valueName\":\"search_term_string\"}}],\"inLanguage\":\"fr-FR\"},{\"@type\":\"Organization\",\"@id\":\"https:\/\/consultingrdlt.com\/#organization\",\"name\":\"consultingrdlt.com\",\"url\":\"https:\/\/consultingrdlt.com\/\",\"logo\":{\"@type\":\"ImageObject\",\"inLanguage\":\"fr-FR\",\"@id\":\"https:\/\/consultingrdlt.com\/#\/schema\/logo\/image\/\",\"url\":\"https:\/\/consultingrdlt.com\/wp-content\/uploads\/2025\/10\/logo-consulting-blanco-horizontal.svg\",\"contentUrl\":\"https:\/\/consultingrdlt.com\/wp-content\/uploads\/2025\/10\/logo-consulting-blanco-horizontal.svg\",\"width\":1080,\"height\":247,\"caption\":\"consultingrdlt.com\"},\"image\":{\"@id\":\"https:\/\/consultingrdlt.com\/#\/schema\/logo\/image\/\"}}]}<\/script>\n<!-- \/ Yoast SEO plugin. -->","yoast_head_json":{"title":"Contacto - consultingrdlt.com","robots":{"index":"index","follow":"follow","max-snippet":"max-snippet:-1","max-image-preview":"max-image-preview:large","max-video-preview":"max-video-preview:-1"},"canonical":"https:\/\/consultingrdlt.com\/fr\/contacto\/","og_locale":"fr_FR","og_type":"article","og_title":"Contacto - consultingrdlt.com","og_description":"INFORMACI\u00d3N DE CONTACTO CONT\u00c1CTENOS Ubicaci\u00f3n: Avenida 27 de febrero #25, 32200 LAS TERRENAS, Provincia Saman\u00e1, Republica Dominicana Tel\u00e9fono: +1829 918 8989+1809 427 3244 \u00a0 Email: info@consultingrdlt.com \u00a0 PONTE EN CONTACTO Reserve una consulta","og_url":"https:\/\/consultingrdlt.com\/fr\/contacto\/","og_site_name":"consultingrdlt.com","article_modified_time":"2025-11-04T20:08:38+00:00","og_image":[{"width":1920,"height":628,"url":"https:\/\/consultingrdlt.com\/wp-content\/uploads\/2024\/04\/about-01-bg-1.jpg","type":"image\/jpeg"}],"twitter_card":"summary_large_image","schema":{"@context":"https:\/\/schema.org","@graph":[{"@type":"WebPage","@id":"https:\/\/consultingrdlt.com\/contacto\/","url":"https:\/\/consultingrdlt.com\/contacto\/","name":"Contacto - consultingrdlt.com","isPartOf":{"@id":"https:\/\/consultingrdlt.com\/#website"},"primaryImageOfPage":{"@id":"https:\/\/consultingrdlt.com\/contacto\/#primaryimage"},"image":{"@id":"https:\/\/consultingrdlt.com\/contacto\/#primaryimage"},"thumbnailUrl":"https:\/\/consultingrdlt.com\/wp-content\/uploads\/2024\/04\/about-01-bg-1.jpg","datePublished":"2024-04-23T10:52:16+00:00","dateModified":"2025-11-04T20:08:38+00:00","breadcrumb":{"@id":"https:\/\/consultingrdlt.com\/contacto\/#breadcrumb"},"inLanguage":"fr-FR","potentialAction":[{"@type":"ReadAction","target":["https:\/\/consultingrdlt.com\/contacto\/"]}]},{"@type":"ImageObject","inLanguage":"fr-FR","@id":"https:\/\/consultingrdlt.com\/contacto\/#primaryimage","url":"https:\/\/consultingrdlt.com\/wp-content\/uploads\/2024\/04\/about-01-bg-1.jpg","contentUrl":"https:\/\/consultingrdlt.com\/wp-content\/uploads\/2024\/04\/about-01-bg-1.jpg","width":1920,"height":628},{"@type":"BreadcrumbList","@id":"https:\/\/consultingrdlt.com\/contacto\/#breadcrumb","itemListElement":[{"@type":"ListItem","position":1,"name":"Accueil","item":"https:\/\/consultingrdlt.com\/"},{"@type":"ListItem","position":2,"name":"Contacto"}]},{"@type":"WebSite","@id":"https:\/\/consultingrdlt.com\/#website","url":"https:\/\/consultingrdlt.com\/","name":"consultingrdlt.com","description":"Estrategia y soluci\u00f3n legal - fiscal","publisher":{"@id":"https:\/\/consultingrdlt.com\/#organization"},"potentialAction":[{"@type":"SearchAction","target":{"@type":"EntryPoint","urlTemplate":"https:\/\/consultingrdlt.com\/?s={search_term_string}"},"query-input":{"@type":"PropertyValueSpecification","valueRequired":true,"valueName":"search_term_string"}}],"inLanguage":"fr-FR"},{"@type":"Organization","@id":"https:\/\/consultingrdlt.com\/#organization","name":"consultingrdlt.com","url":"https:\/\/consultingrdlt.com\/","logo":{"@type":"ImageObject","inLanguage":"fr-FR","@id":"https:\/\/consultingrdlt.com\/#\/schema\/logo\/image\/","url":"https:\/\/consultingrdlt.com\/wp-content\/uploads\/2025\/10\/logo-consulting-blanco-horizontal.svg","contentUrl":"https:\/\/consultingrdlt.com\/wp-content\/uploads\/2025\/10\/logo-consulting-blanco-horizontal.svg","width":1080,"height":247,"caption":"consultingrdlt.com"},"image":{"@id":"https:\/\/consultingrdlt.com\/#\/schema\/logo\/image\/"}}]}},"_hostinger_reach_plugin_has_subscription_block":false,"_hostinger_reach_plugin_is_elementor":false,"_links":{"self":[{"href":"https:\/\/consultingrdlt.com\/fr\/wp-json\/wp\/v2\/pages\/1927","targetHints":{"allow":["GET"]}}],"collection":[{"href":"https:\/\/consultingrdlt.com\/fr\/wp-json\/wp\/v2\/pages"}],"about":[{"href":"https:\/\/consultingrdlt.com\/fr\/wp-json\/wp\/v2\/types\/page"}],"author":[{"embeddable":true,"href":"https:\/\/consultingrdlt.com\/fr\/wp-json\/wp\/v2\/users\/1"}],"replies":[{"embeddable":true,"href":"https:\/\/consultingrdlt.com\/fr\/wp-json\/wp\/v2\/comments?post=1927"}],"version-history":[{"count":44,"href":"https:\/\/consultingrdlt.com\/fr\/wp-json\/wp\/v2\/pages\/1927\/revisions"}],"predecessor-version":[{"id":3229,"href":"https:\/\/consultingrdlt.com\/fr\/wp-json\/wp\/v2\/pages\/1927\/revisions\/3229"}],"wp:featuredmedia":[{"embeddable":true,"href":"https:\/\/consultingrdlt.com\/fr\/wp-json\/wp\/v2\/media\/1875"}],"wp:attachment":[{"href":"https:\/\/consultingrdlt.com\/fr\/wp-json\/wp\/v2\/media?parent=1927"}],"curies":[{"name":"wp","href":"https:\/\/api.w.org\/{rel}","templated":true}]}}