{"id":1750,"date":"2024-04-23T06:14:57","date_gmt":"2024-04-23T06:14:57","guid":{"rendered":"https:\/\/designingmedia.com\/lawfinity\/?page_id=1750"},"modified":"2025-10-27T20:05:51","modified_gmt":"2025-10-27T20:05:51","slug":"nosotros","status":"publish","type":"page","link":"https:\/\/consultingrdlt.com\/en\/nosotros\/","title":{"rendered":"About us"},"content":{"rendered":"<div data-elementor-type=\"wp-page\" data-elementor-id=\"1750\" class=\"elementor elementor-1750\" data-elementor-post-type=\"page\">\n\t\t\t\t<div class=\"elementor-element elementor-element-2641935 e-flex e-con-boxed e-con e-child\" data-id=\"2641935\" data-element_type=\"container\">\n\t\t\t\t\t<div class=\"e-con-inner\">\n\t\t\t\t<div class=\"elementor-element elementor-element-eebb8b7 elementor-widget elementor-widget-spacer\" data-id=\"eebb8b7\" data-element_type=\"widget\" data-widget_type=\"spacer.default\">\n\t\t\t\t\t\t\t<div class=\"elementor-spacer\">\n\t\t\t<div class=\"elementor-spacer-inner\"><\/div>\n\t\t<\/div>\n\t\t\t\t\t\t<\/div>\n\t\t\t\t<div class=\"elementor-element elementor-element-e9411b4 elementor-widget elementor-widget-heading\" data-id=\"e9411b4\" data-element_type=\"widget\" data-widget_type=\"heading.default\">\n\t\t\t\t\t<h2 class=\"elementor-heading-title elementor-size-default\">ABOUT US<\/h2>\t\t\t\t<\/div>\n\t\t\t\t<div class=\"elementor-element elementor-element-77ae399 elementor-widget elementor-widget-text-editor\" data-id=\"77ae399\" data-element_type=\"widget\" data-widget_type=\"text-editor.default\">\n\t\t\t\t\t\t\t\t\t<p>Consulting RD (formerly Contarepdom) was founded in Las Terrenas, Saman\u00e1 Province, Dominican Republic, in 2015.<\/p><p>In 2018, a corporate restructuring propelled the company forward through the use of several languages (Spanish, French, and English) and the opening of the \u201clegal\u201d department.<\/p><p>The team grew in order to offer service and guidance at a time when our country is developing rapidly.<\/p><p>We are now 7 professionals at your service.<\/p><p>With more than 100 companies under our advisory, we support new investors, new residents, and entrepreneurs every day.<\/p><p>Recently, we added to our service portfolio international franchise brokerage through Franchise World Link, Country Manager Dominican Republic \u2013 April 2025.<\/p>\t\t\t\t\t\t\t\t<\/div>\n\t\t\t\t<div class=\"elementor-element elementor-element-8707514 elementor-widget elementor-widget-image\" data-id=\"8707514\" data-element_type=\"widget\" data-widget_type=\"image.default\">\n\t\t\t\t\t\t\t\t\t\t\t\t\t\t\t<img decoding=\"async\" width=\"300\" height=\"105\" src=\"https:\/\/consultingrdlt.com\/wp-content\/uploads\/2025\/10\/logo-franchise-300x105.png\" class=\"attachment-medium size-medium wp-image-3106\" alt=\"\" srcset=\"https:\/\/consultingrdlt.com\/wp-content\/uploads\/2025\/10\/logo-franchise-300x105.png 300w, https:\/\/consultingrdlt.com\/wp-content\/uploads\/2025\/10\/logo-franchise-1024x358.png 1024w, https:\/\/consultingrdlt.com\/wp-content\/uploads\/2025\/10\/logo-franchise-768x269.png 768w, https:\/\/consultingrdlt.com\/wp-content\/uploads\/2025\/10\/logo-franchise-1536x538.png 1536w, https:\/\/consultingrdlt.com\/wp-content\/uploads\/2025\/10\/logo-franchise-600x210.png 600w, https:\/\/consultingrdlt.com\/wp-content\/uploads\/2025\/10\/logo-franchise.png 1920w\" sizes=\"(max-width: 300px) 100vw, 300px\" \/>\t\t\t\t\t\t\t\t\t\t\t\t\t\t\t<\/div>\n\t\t\t\t<div class=\"elementor-element elementor-element-e5345f0 elementor-widget elementor-widget-text-editor\" data-id=\"e5345f0\" data-element_type=\"widget\" data-widget_type=\"text-editor.default\">\n\t\t\t\t\t\t\t\t\t<p>\u00a0<\/p><p>Our purpose has always been and will always be to stay up to date with legislative and tax developments so that our clients can focus on growing their businesses.<\/p><p>Committed to continuous learning and involvement, from small companies to large ones, we strive to remain close to the everyday reality of business owners in the Dominican Republic.<\/p>\t\t\t\t\t\t\t\t<\/div>\n\t\t\t\t<div class=\"elementor-element elementor-element-8f4330e elementor-widget__width-auto elementor-widget elementor-widget-button\" data-id=\"8f4330e\" data-element_type=\"widget\" data-widget_type=\"button.default\">\n\t\t\t\t\t\t\t\t\t\t<a class=\"elementor-button elementor-button-link elementor-size-sm elementor-animation-float\" href=\"https:\/\/consultingrdlt.com\/en\/contacto\/\">\n\t\t\t\t\t\t<span class=\"elementor-button-content-wrapper\">\n\t\t\t\t\t\t<span class=\"elementor-button-icon\">\n\t\t\t\t<svg aria-hidden=\"true\" class=\"e-font-icon-svg e-fas-arrow-right\" viewbox=\"0 0 448 512\" xmlns=\"http:\/\/www.w3.org\/2000\/svg\"><path d=\"M190.5 66.9l22.2-22.2c9.4-9.4 24.6-9.4 33.9 0L441 239c9.4 9.4 9.4 24.6 0 33.9L246.6 467.3c-9.4 9.4-24.6 9.4-33.9 0l-22.2-22.2c-9.5-9.5-9.3-25 .4-34.3L311.4 296H24c-13.3 0-24-10.7-24-24v-32c0-13.3 10.7-24 24-24h287.4L190.9 101.2c-9.8-9.3-10-24.8-.4-34.3z\"><\/path><\/svg>\t\t\t<\/span>\n\t\t\t\t\t\t\t\t\t<span class=\"elementor-button-text\">Schedule an appointment<\/span>\n\t\t\t\t\t<\/span>\n\t\t\t\t\t<\/a>\n\t\t\t\t\t\t\t\t<\/div>\n\t\t\t\t<div class=\"elementor-element elementor-element-f027dea elementor-widget elementor-widget-spacer\" data-id=\"f027dea\" data-element_type=\"widget\" data-widget_type=\"spacer.default\">\n\t\t\t\t\t\t\t<div class=\"elementor-spacer\">\n\t\t\t<div class=\"elementor-spacer-inner\"><\/div>\n\t\t<\/div>\n\t\t\t\t\t\t<\/div>\n\t\t\t\t\t<\/div>\n\t\t\t\t<\/div>\n\t\t\t\t<\/div>","protected":false},"excerpt":{"rendered":"<p>NOSOTROS Consulting RD (antiguamente Contarepdom) naci\u00f3 en Las Terrenas, provincia de Saman\u00e1, Rep\u00fablica Dominicana en 2015. En 2018, el cambio societario propulso la compa\u00f1\u00eda con el manejo de varios idiomas (espa\u00f1ol, franc\u00e9s e ingl\u00e9s) y la apertura de la rama \"legal\" El equipo creci\u00f3 para poder ofrecer un servicio y un acompa\u00f1amiento cuando nuestro pa\u00eds [&hellip;]<\/p>","protected":false},"author":1,"featured_media":1751,"parent":0,"menu_order":0,"comment_status":"closed","ping_status":"closed","template":"elementor_header_footer","meta":{"inline_featured_image":false,"footnotes":""},"class_list":["post-1750","page","type-page","status-publish","has-post-thumbnail","hentry"],"yoast_head":"<!-- This site is optimized with the Yoast SEO plugin v26.4 - https:\/\/yoast.com\/wordpress\/plugins\/seo\/ -->\n<title>Nosotros - consultingrdlt.com<\/title>\n<meta name=\"robots\" content=\"index, follow, max-snippet:-1, max-image-preview:large, max-video-preview:-1\" \/>\n<link rel=\"canonical\" href=\"https:\/\/consultingrdlt.com\/en\/nosotros\/\" \/>\n<meta property=\"og:locale\" content=\"en_US\" \/>\n<meta property=\"og:type\" content=\"article\" \/>\n<meta property=\"og:title\" content=\"Nosotros - consultingrdlt.com\" \/>\n<meta property=\"og:description\" content=\"NOSOTROS Consulting RD (antiguamente Contarepdom) naci\u00f3 en Las Terrenas, provincia de Saman\u00e1, Rep\u00fablica Dominicana en 2015. En 2018, el cambio societario propulso la compa\u00f1\u00eda con el manejo de varios idiomas (espa\u00f1ol, franc\u00e9s e ingl\u00e9s) y la apertura de la rama &quot;legal&quot; El equipo creci\u00f3 para poder ofrecer un servicio y un acompa\u00f1amiento cuando nuestro pa\u00eds [&hellip;]\" \/>\n<meta property=\"og:url\" content=\"https:\/\/consultingrdlt.com\/en\/nosotros\/\" \/>\n<meta property=\"og:site_name\" content=\"consultingrdlt.com\" \/>\n<meta property=\"article:modified_time\" content=\"2025-10-27T20:05:51+00:00\" \/>\n<meta property=\"og:image\" content=\"https:\/\/consultingrdlt.com\/wp-content\/uploads\/2024\/04\/about-01-bg.jpg\" \/>\n\t<meta property=\"og:image:width\" content=\"1920\" \/>\n\t<meta property=\"og:image:height\" content=\"628\" \/>\n\t<meta property=\"og:image:type\" content=\"image\/jpeg\" \/>\n<meta name=\"twitter:card\" content=\"summary_large_image\" \/>\n<meta name=\"twitter:label1\" content=\"Est. reading time\" \/>\n\t<meta name=\"twitter:data1\" content=\"1 minute\" \/>\n<script type=\"application\/ld+json\" class=\"yoast-schema-graph\">{\"@context\":\"https:\/\/schema.org\",\"@graph\":[{\"@type\":\"WebPage\",\"@id\":\"https:\/\/consultingrdlt.com\/nosotros\/\",\"url\":\"https:\/\/consultingrdlt.com\/nosotros\/\",\"name\":\"Nosotros - consultingrdlt.com\",\"isPartOf\":{\"@id\":\"https:\/\/consultingrdlt.com\/#website\"},\"primaryImageOfPage\":{\"@id\":\"https:\/\/consultingrdlt.com\/nosotros\/#primaryimage\"},\"image\":{\"@id\":\"https:\/\/consultingrdlt.com\/nosotros\/#primaryimage\"},\"thumbnailUrl\":\"https:\/\/consultingrdlt.com\/wp-content\/uploads\/2024\/04\/about-01-bg.jpg\",\"datePublished\":\"2024-04-23T06:14:57+00:00\",\"dateModified\":\"2025-10-27T20:05:51+00:00\",\"breadcrumb\":{\"@id\":\"https:\/\/consultingrdlt.com\/nosotros\/#breadcrumb\"},\"inLanguage\":\"en-US\",\"potentialAction\":[{\"@type\":\"ReadAction\",\"target\":[\"https:\/\/consultingrdlt.com\/nosotros\/\"]}]},{\"@type\":\"ImageObject\",\"inLanguage\":\"en-US\",\"@id\":\"https:\/\/consultingrdlt.com\/nosotros\/#primaryimage\",\"url\":\"https:\/\/consultingrdlt.com\/wp-content\/uploads\/2024\/04\/about-01-bg.jpg\",\"contentUrl\":\"https:\/\/consultingrdlt.com\/wp-content\/uploads\/2024\/04\/about-01-bg.jpg\",\"width\":1920,\"height\":628},{\"@type\":\"BreadcrumbList\",\"@id\":\"https:\/\/consultingrdlt.com\/nosotros\/#breadcrumb\",\"itemListElement\":[{\"@type\":\"ListItem\",\"position\":1,\"name\":\"Accueil\",\"item\":\"https:\/\/consultingrdlt.com\/\"},{\"@type\":\"ListItem\",\"position\":2,\"name\":\"Nosotros\"}]},{\"@type\":\"WebSite\",\"@id\":\"https:\/\/consultingrdlt.com\/#website\",\"url\":\"https:\/\/consultingrdlt.com\/\",\"name\":\"consultingrdlt.com\",\"description\":\"Estrategia y soluci\u00f3n legal - fiscal\",\"publisher\":{\"@id\":\"https:\/\/consultingrdlt.com\/#organization\"},\"potentialAction\":[{\"@type\":\"SearchAction\",\"target\":{\"@type\":\"EntryPoint\",\"urlTemplate\":\"https:\/\/consultingrdlt.com\/?s={search_term_string}\"},\"query-input\":{\"@type\":\"PropertyValueSpecification\",\"valueRequired\":true,\"valueName\":\"search_term_string\"}}],\"inLanguage\":\"en-US\"},{\"@type\":\"Organization\",\"@id\":\"https:\/\/consultingrdlt.com\/#organization\",\"name\":\"consultingrdlt.com\",\"url\":\"https:\/\/consultingrdlt.com\/\",\"logo\":{\"@type\":\"ImageObject\",\"inLanguage\":\"en-US\",\"@id\":\"https:\/\/consultingrdlt.com\/#\/schema\/logo\/image\/\",\"url\":\"https:\/\/consultingrdlt.com\/wp-content\/uploads\/2025\/10\/logo-consulting-blanco-horizontal.svg\",\"contentUrl\":\"https:\/\/consultingrdlt.com\/wp-content\/uploads\/2025\/10\/logo-consulting-blanco-horizontal.svg\",\"width\":1080,\"height\":247,\"caption\":\"consultingrdlt.com\"},\"image\":{\"@id\":\"https:\/\/consultingrdlt.com\/#\/schema\/logo\/image\/\"}}]}<\/script>\n<!-- \/ Yoast SEO plugin. -->","yoast_head_json":{"title":"Nosotros - consultingrdlt.com","robots":{"index":"index","follow":"follow","max-snippet":"max-snippet:-1","max-image-preview":"max-image-preview:large","max-video-preview":"max-video-preview:-1"},"canonical":"https:\/\/consultingrdlt.com\/en\/nosotros\/","og_locale":"en_US","og_type":"article","og_title":"Nosotros - consultingrdlt.com","og_description":"NOSOTROS Consulting RD (antiguamente Contarepdom) naci\u00f3 en Las Terrenas, provincia de Saman\u00e1, Rep\u00fablica Dominicana en 2015. En 2018, el cambio societario propulso la compa\u00f1\u00eda con el manejo de varios idiomas (espa\u00f1ol, franc\u00e9s e ingl\u00e9s) y la apertura de la rama \"legal\" El equipo creci\u00f3 para poder ofrecer un servicio y un acompa\u00f1amiento cuando nuestro pa\u00eds [&hellip;]","og_url":"https:\/\/consultingrdlt.com\/en\/nosotros\/","og_site_name":"consultingrdlt.com","article_modified_time":"2025-10-27T20:05:51+00:00","og_image":[{"width":1920,"height":628,"url":"https:\/\/consultingrdlt.com\/wp-content\/uploads\/2024\/04\/about-01-bg.jpg","type":"image\/jpeg"}],"twitter_card":"summary_large_image","twitter_misc":{"Est. reading time":"1 minute"},"schema":{"@context":"https:\/\/schema.org","@graph":[{"@type":"WebPage","@id":"https:\/\/consultingrdlt.com\/nosotros\/","url":"https:\/\/consultingrdlt.com\/nosotros\/","name":"Nosotros - consultingrdlt.com","isPartOf":{"@id":"https:\/\/consultingrdlt.com\/#website"},"primaryImageOfPage":{"@id":"https:\/\/consultingrdlt.com\/nosotros\/#primaryimage"},"image":{"@id":"https:\/\/consultingrdlt.com\/nosotros\/#primaryimage"},"thumbnailUrl":"https:\/\/consultingrdlt.com\/wp-content\/uploads\/2024\/04\/about-01-bg.jpg","datePublished":"2024-04-23T06:14:57+00:00","dateModified":"2025-10-27T20:05:51+00:00","breadcrumb":{"@id":"https:\/\/consultingrdlt.com\/nosotros\/#breadcrumb"},"inLanguage":"en-US","potentialAction":[{"@type":"ReadAction","target":["https:\/\/consultingrdlt.com\/nosotros\/"]}]},{"@type":"ImageObject","inLanguage":"en-US","@id":"https:\/\/consultingrdlt.com\/nosotros\/#primaryimage","url":"https:\/\/consultingrdlt.com\/wp-content\/uploads\/2024\/04\/about-01-bg.jpg","contentUrl":"https:\/\/consultingrdlt.com\/wp-content\/uploads\/2024\/04\/about-01-bg.jpg","width":1920,"height":628},{"@type":"BreadcrumbList","@id":"https:\/\/consultingrdlt.com\/nosotros\/#breadcrumb","itemListElement":[{"@type":"ListItem","position":1,"name":"Accueil","item":"https:\/\/consultingrdlt.com\/"},{"@type":"ListItem","position":2,"name":"Nosotros"}]},{"@type":"WebSite","@id":"https:\/\/consultingrdlt.com\/#website","url":"https:\/\/consultingrdlt.com\/","name":"consultingrdlt.com","description":"Estrategia y soluci\u00f3n legal - fiscal","publisher":{"@id":"https:\/\/consultingrdlt.com\/#organization"},"potentialAction":[{"@type":"SearchAction","target":{"@type":"EntryPoint","urlTemplate":"https:\/\/consultingrdlt.com\/?s={search_term_string}"},"query-input":{"@type":"PropertyValueSpecification","valueRequired":true,"valueName":"search_term_string"}}],"inLanguage":"en-US"},{"@type":"Organization","@id":"https:\/\/consultingrdlt.com\/#organization","name":"consultingrdlt.com","url":"https:\/\/consultingrdlt.com\/","logo":{"@type":"ImageObject","inLanguage":"en-US","@id":"https:\/\/consultingrdlt.com\/#\/schema\/logo\/image\/","url":"https:\/\/consultingrdlt.com\/wp-content\/uploads\/2025\/10\/logo-consulting-blanco-horizontal.svg","contentUrl":"https:\/\/consultingrdlt.com\/wp-content\/uploads\/2025\/10\/logo-consulting-blanco-horizontal.svg","width":1080,"height":247,"caption":"consultingrdlt.com"},"image":{"@id":"https:\/\/consultingrdlt.com\/#\/schema\/logo\/image\/"}}]}},"_hostinger_reach_plugin_has_subscription_block":false,"_hostinger_reach_plugin_is_elementor":false,"_links":{"self":[{"href":"https:\/\/consultingrdlt.com\/en\/wp-json\/wp\/v2\/pages\/1750","targetHints":{"allow":["GET"]}}],"collection":[{"href":"https:\/\/consultingrdlt.com\/en\/wp-json\/wp\/v2\/pages"}],"about":[{"href":"https:\/\/consultingrdlt.com\/en\/wp-json\/wp\/v2\/types\/page"}],"author":[{"embeddable":true,"href":"https:\/\/consultingrdlt.com\/en\/wp-json\/wp\/v2\/users\/1"}],"replies":[{"embeddable":true,"href":"https:\/\/consultingrdlt.com\/en\/wp-json\/wp\/v2\/comments?post=1750"}],"version-history":[{"count":65,"href":"https:\/\/consultingrdlt.com\/en\/wp-json\/wp\/v2\/pages\/1750\/revisions"}],"predecessor-version":[{"id":3188,"href":"https:\/\/consultingrdlt.com\/en\/wp-json\/wp\/v2\/pages\/1750\/revisions\/3188"}],"wp:featuredmedia":[{"embeddable":true,"href":"https:\/\/consultingrdlt.com\/en\/wp-json\/wp\/v2\/media\/1751"}],"wp:attachment":[{"href":"https:\/\/consultingrdlt.com\/en\/wp-json\/wp\/v2\/media?parent=1750"}],"curies":[{"name":"wp","href":"https:\/\/api.w.org\/{rel}","templated":true}]}}